{"id":42,"date":"2012-06-14T18:24:00","date_gmt":"2012-06-14T18:24:00","guid":{"rendered":"http:\/\/hectorv.lamaquiladora.com\/?page_id=42"},"modified":"2017-12-15T14:54:07","modified_gmt":"2017-12-15T14:54:07","slug":"biografia","status":"publish","type":"page","link":"https:\/\/hectorvelazquez.org\/es\/biografia\/","title":{"rendered":"Biograf\u00eda"},"content":{"rendered":"<p><strong>H\u00e9ctor Vel\u00e1zquez Guti\u00e9rrez<\/strong> naci\u00f3 en 1965 en la ciudad de M\u00e9xico. Asisti\u00f3 a la Escuela Nacional de Artes Pl\u00e1sticas de la Universidad Nacional Aut\u00f3noma de M\u00e9xico y posteriormente realiz\u00f3 estudios de escultura en Alemania, en la Escuela Superior de Arte de la Universidad de Berl\u00edn y en la Academia Estatal de Artes Pl\u00e1sticas de Stuttgart.<\/p>\n<p>A lo largo de su vida ha recibido becas y premios en reconocimiento a su obra, entre otras, en Alemania del <em>Estado de Baden-Wurtemberg<\/em> y de M\u00e9xico del <em>Fondo Nacional para la Cultura y las Artes de la Secretaria de Cultura<\/em>, como J\u00f3venes Creadores y del <em>Sistema Nacional de Creadores de Arte. En el a\u00f1o 2001 obtuvo el Gran Premio Omnilife de Escultura, Guadalajara, Jalisco. Fue seleccionado en la Bienal de Monterrey FEMSA 1999 y 2014 as\u00ed como en la Bienal de Yucat\u00e1n 2004. La IV Bienal Internacional de Arte Textil Contempor\u00e1neo lo invito a participar en el a\u00f1o 2011 en el exposici\u00f3n realizada en el Museo Anahuacalli de la Ciudad de M\u00e9xico. En el a\u00f1o 2004 fue invitado a realizar una intervenci\u00f3n en la sala de arte prehisp\u00e1nico del Museo Etnol\u00f3gico de Berl\u00edn. Su obra forma parte de diversas colecciones p\u00fablicas y privadas, entre ellas, el Banco de M\u00e9xico, el Museo Universitario de Arte Contempor\u00e1neo de la UNAM, el Museo de Arte Carrillo Gil y la Fundaci\u00f3n Jos\u00e9 Cuervo. <\/p>\n<p>El trabajo de H\u00e9ctor Vel\u00e1zquez se ha interesado en explorar las relaciones con el cuerpo humano y su entorno como sus formas, concepciones y sensaciones, as\u00ed como de sus partes relacionadas con los sentidos y la comunicaci\u00f3n con los dem\u00e1s.  En un proceso de introspecci\u00f3n,  casi ritual, Vel\u00e1zquez teje su intima concepci\u00f3n del cuerpo humano con nuevas y viejas \u201cpieles\u201d retomando en algunos casos cosmovisiones prehisp\u00e1nicas como la del Xipe T\u00f3tec. Busca, entre otras cosas, incursionar en regeneraciones emocionales y casi siempre relacionadas con seres vinculados emotivamente.  En sus obras, investiga las relaciones ps\u00edquicas y an\u00edmicas entre las representaciones del terreno f\u00edsico o mapas topogr\u00e1ficos, con el cuerpo, la dermis y la ropa que la cubre.  A trav\u00e9s de distintos materiales como telas, hilos, prendas usadas  y piedras crea piezas, que, entre otras cosas, invitan al espectador a involucrase corporal y emocionalmente.<\/p>\n<p>Su obra con textos de historiadores y cr\u00edticos de arte como Karen Cordero, se publicaron en un libro titulado: <em>Cuerpos desdoblados<\/em>, editado en M\u00e9xico por la Galer\u00eda Terreno Bald\u00edo Arte en 2007.<\/p>","protected":false},"excerpt":{"rendered":"<p>H\u00e9ctor Vel\u00e1zquez Guti\u00e9rrez naci\u00f3 en 1965 en la ciudad de M\u00e9xico. Asisti\u00f3 a la Escuela Nacional de Artes Pl\u00e1sticas de la Universidad Nacional Aut\u00f3noma de M\u00e9xico y posteriormente realiz\u00f3 estudios de escultura en Alemania, en la Escuela Superior de Arte de la Universidad de Berl\u00edn y en la Academia Estatal de Artes Pl\u00e1sticas de Stuttgart. [&hellip;]<\/p>\n","protected":false},"author":5,"featured_media":876,"parent":0,"menu_order":0,"comment_status":"open","ping_status":"open","template":"","meta":{"_acf_changed":false,"footnotes":""},"class_list":["post-42","page","type-page","status-publish","has-post-thumbnail","hentry"],"acf":[],"_links":{"self":[{"href":"https:\/\/hectorvelazquez.org\/es\/wp-json\/wp\/v2\/pages\/42","targetHints":{"allow":["GET"]}}],"collection":[{"href":"https:\/\/hectorvelazquez.org\/es\/wp-json\/wp\/v2\/pages"}],"about":[{"href":"https:\/\/hectorvelazquez.org\/es\/wp-json\/wp\/v2\/types\/page"}],"author":[{"embeddable":true,"href":"https:\/\/hectorvelazquez.org\/es\/wp-json\/wp\/v2\/users\/5"}],"replies":[{"embeddable":true,"href":"https:\/\/hectorvelazquez.org\/es\/wp-json\/wp\/v2\/comments?post=42"}],"version-history":[{"count":10,"href":"https:\/\/hectorvelazquez.org\/es\/wp-json\/wp\/v2\/pages\/42\/revisions"}],"predecessor-version":[{"id":944,"href":"https:\/\/hectorvelazquez.org\/es\/wp-json\/wp\/v2\/pages\/42\/revisions\/944"}],"wp:featuredmedia":[{"embeddable":true,"href":"https:\/\/hectorvelazquez.org\/es\/wp-json\/wp\/v2\/media\/876"}],"wp:attachment":[{"href":"https:\/\/hectorvelazquez.org\/es\/wp-json\/wp\/v2\/media?parent=42"}],"curies":[{"name":"wp","href":"https:\/\/api.w.org\/{rel}","templated":true}]}}